{"id":1690,"date":"2020-06-01T23:00:20","date_gmt":"2020-06-01T21:00:20","guid":{"rendered":"https:\/\/www.tollbelgium.com\/serres\/"},"modified":"2020-06-03T03:22:48","modified_gmt":"2020-06-03T01:22:48","slug":"serres","status":"publish","type":"page","link":"https:\/\/www.tollbelgium.com\/fr\/serres\/","title":{"rendered":"Serres"},"content":{"rendered":"\t\t<div data-elementor-type=\"wp-page\" data-elementor-id=\"1690\" class=\"elementor elementor-1690 elementor-602\" data-elementor-settings=\"{&quot;element_pack_global_tooltip_width&quot;:{&quot;unit&quot;:&quot;px&quot;,&quot;size&quot;:&quot;&quot;,&quot;sizes&quot;:[]},&quot;element_pack_global_tooltip_width_tablet&quot;:{&quot;unit&quot;:&quot;px&quot;,&quot;size&quot;:&quot;&quot;,&quot;sizes&quot;:[]},&quot;element_pack_global_tooltip_width_mobile&quot;:{&quot;unit&quot;:&quot;px&quot;,&quot;size&quot;:&quot;&quot;,&quot;sizes&quot;:[]},&quot;element_pack_global_tooltip_padding&quot;:{&quot;unit&quot;:&quot;px&quot;,&quot;top&quot;:&quot;&quot;,&quot;right&quot;:&quot;&quot;,&quot;bottom&quot;:&quot;&quot;,&quot;left&quot;:&quot;&quot;,&quot;isLinked&quot;:true},&quot;element_pack_global_tooltip_padding_tablet&quot;:{&quot;unit&quot;:&quot;px&quot;,&quot;top&quot;:&quot;&quot;,&quot;right&quot;:&quot;&quot;,&quot;bottom&quot;:&quot;&quot;,&quot;left&quot;:&quot;&quot;,&quot;isLinked&quot;:true},&quot;element_pack_global_tooltip_padding_mobile&quot;:{&quot;unit&quot;:&quot;px&quot;,&quot;top&quot;:&quot;&quot;,&quot;right&quot;:&quot;&quot;,&quot;bottom&quot;:&quot;&quot;,&quot;left&quot;:&quot;&quot;,&quot;isLinked&quot;:true},&quot;element_pack_global_tooltip_border_radius&quot;:{&quot;unit&quot;:&quot;px&quot;,&quot;top&quot;:&quot;&quot;,&quot;right&quot;:&quot;&quot;,&quot;bottom&quot;:&quot;&quot;,&quot;left&quot;:&quot;&quot;,&quot;isLinked&quot;:true},&quot;element_pack_global_tooltip_border_radius_tablet&quot;:{&quot;unit&quot;:&quot;px&quot;,&quot;top&quot;:&quot;&quot;,&quot;right&quot;:&quot;&quot;,&quot;bottom&quot;:&quot;&quot;,&quot;left&quot;:&quot;&quot;,&quot;isLinked&quot;:true},&quot;element_pack_global_tooltip_border_radius_mobile&quot;:{&quot;unit&quot;:&quot;px&quot;,&quot;top&quot;:&quot;&quot;,&quot;right&quot;:&quot;&quot;,&quot;bottom&quot;:&quot;&quot;,&quot;left&quot;:&quot;&quot;,&quot;isLinked&quot;:true}}\" data-elementor-post-type=\"page\">\n\t\t\t\t\t\t<section class=\"elementor-section elementor-top-section elementor-element elementor-element-9e9758d elementor-section-boxed elementor-section-height-default elementor-section-height-default\" data-id=\"9e9758d\" data-element_type=\"section\" data-e-type=\"section\">\n\t\t\t\t\t\t<div class=\"elementor-container elementor-column-gap-default\">\n\t\t\t\t\t<div class=\"aux-parallax-section elementor-column elementor-col-100 elementor-top-column elementor-element elementor-element-a292864\" data-id=\"a292864\" data-element_type=\"column\" data-e-type=\"column\">\n\t\t\t<div class=\"elementor-widget-wrap elementor-element-populated\">\n\t\t\t\t\t\t<div class=\"elementor-element elementor-element-941b608 elementor-widget elementor-widget-heading\" data-id=\"941b608\" data-element_type=\"widget\" data-e-type=\"widget\" data-widget_type=\"heading.default\">\n\t\t\t\t\t<h2 class=\"elementor-heading-title elementor-size-default\">Des serres de haute qualit\u00e9 de Hoklartherm<br \/>\u2026bien plus qu\u2019utiles<\/h2>\t\t\t\t<\/div>\n\t\t\t\t\t<\/div>\n\t\t<\/div>\n\t\t\t\t\t<\/div>\n\t\t<\/section>\n\t\t\t\t<section class=\"elementor-section elementor-top-section elementor-element elementor-element-727179c elementor-section-boxed elementor-section-height-default elementor-section-height-default\" data-id=\"727179c\" data-element_type=\"section\" data-e-type=\"section\">\n\t\t\t\t\t\t<div class=\"elementor-container elementor-column-gap-default\">\n\t\t\t\t\t<div class=\"aux-parallax-section elementor-column elementor-col-33 elementor-top-column elementor-element elementor-element-bbe7b26\" data-id=\"bbe7b26\" data-element_type=\"column\" data-e-type=\"column\">\n\t\t\t<div class=\"elementor-widget-wrap elementor-element-populated\">\n\t\t\t\t\t\t<div class=\"elementor-element elementor-element-31dbeda elementor-widget elementor-widget-aux_text\" data-id=\"31dbeda\" data-element_type=\"widget\" data-e-type=\"widget\" id=\"clickbio\" data-widget_type=\"aux_text.default\">\n\t\t\t\t\t<section class=\"widget-container aux-widget-text aux-parent-au9638262d\">        <div class=\"aux-widget-advanced-text aux-wrap-style-simple aux-ico-pos-top aux-text-center aux-text-resp- aux-text-color-dark aux-text-widget-bg-center  \" >\n        \n                            <div class=\"aux-text-widget-header \"  >\n                        <div class=\"aux-ico-box aux-ico-large aux-img-box aux-ico-shape-round-rect aux-ico-clear \">\n                                                                <img fetchpriority=\"high\" decoding=\"async\" width=\"300\" height=\"300\" src=\"https:\/\/www.tollbelgium.com\/wp-content\/uploads\/2020\/05\/biotop-00019-300x300.jpg\" class=\"aux-attachment aux-featured-image aux-attachment-id-674\" alt=\"biotop-00019\" srcset=\"https:\/\/www.tollbelgium.com\/wp-content\/uploads\/2020\/05\/biotop-00019-150x150.jpg 150w,https:\/\/www.tollbelgium.com\/wp-content\/uploads\/2020\/05\/biotop-00019-300x300.jpg 300w,https:\/\/www.tollbelgium.com\/wp-content\/uploads\/2020\/05\/biotop-00019-768x768.jpg 768w,https:\/\/www.tollbelgium.com\/wp-content\/uploads\/2020\/05\/biotop-00019-1024x900.jpg 1024w,https:\/\/www.tollbelgium.com\/wp-content\/uploads\/2020\/05\/biotop-00019-300x300.jpg 300w\" data-ratio=\"1\" data-original-w=\"1350\" \/>                                                    <\/div>\n                <\/div>\n            \n            <div class=\"aux-text-inner aux-text-widget-content\">\n                                <h4 class=\"col-title\">Serre Bio-Top<\/h4>\n                                <div class=\"widget-content\">\n                                        <p>La serre de toit de selle<\/p>                <\/div>\n                <a  href=\"https:\/\/www.tollbelgium.com\/fr\/serres\/serre-biotop\/\" target=\"_self\"   class=\"aux-button aux-medium aux-emerald aux-curve aux-none\" ><span class=\"aux-overlay\"><\/span><span class=\"aux-text\">D\u00e9tails du produit<\/span><\/a>            <\/div>\n        <\/div>\n                    <div class=\"aux-text-widget-footer\">\n                <div class=\"aux-border-shape-none \">\n                                <\/div>\n            <\/div>\n        \n<\/section><!-- widget-container -->\t\t\t\t<\/div>\n\t\t\t\t\t<\/div>\n\t\t<\/div>\n\t\t\t\t<div class=\"aux-parallax-section elementor-column elementor-col-33 elementor-top-column elementor-element elementor-element-9e7cdcc\" data-id=\"9e7cdcc\" data-element_type=\"column\" data-e-type=\"column\">\n\t\t\t<div class=\"elementor-widget-wrap elementor-element-populated\">\n\t\t\t\t\t\t<div class=\"elementor-element elementor-element-bf08342 elementor-widget elementor-widget-aux_text\" data-id=\"bf08342\" data-element_type=\"widget\" data-e-type=\"widget\" id=\"clickriga\" data-widget_type=\"aux_text.default\">\n\t\t\t\t\t<section class=\"widget-container aux-widget-text aux-parent-au50d7d345\">        <div class=\"aux-widget-advanced-text aux-wrap-style-simple aux-ico-pos-top aux-text-center aux-text-resp- aux-text-color-dark aux-text-widget-bg-center  \" >\n        \n                            <div class=\"aux-text-widget-header \"  >\n                        <div class=\"aux-ico-box aux-ico-large aux-img-box aux-ico-shape-round-rect aux-ico-clear \">\n                                                                <img decoding=\"async\" width=\"300\" height=\"300\" src=\"https:\/\/www.tollbelgium.com\/wp-content\/uploads\/2020\/05\/riga2-300x300.jpg\" class=\"aux-attachment aux-featured-image aux-attachment-id-578\" alt=\"riga2\" srcset=\"https:\/\/www.tollbelgium.com\/wp-content\/uploads\/2020\/05\/riga2-150x150.jpg 150w,https:\/\/www.tollbelgium.com\/wp-content\/uploads\/2020\/05\/riga2-300x300.jpg 300w,https:\/\/www.tollbelgium.com\/wp-content\/uploads\/2020\/05\/riga2-300x300.jpg 300w\" data-ratio=\"1\" data-original-w=\"600\" \/>                                                    <\/div>\n                <\/div>\n            \n            <div class=\"aux-text-inner aux-text-widget-content\">\n                                <h4 class=\"col-title\">Serre Riga<\/h4>\n                                <div class=\"widget-content\">\n                                        <p>La serre en forme d\u2019oignon<\/p>                <\/div>\n                <a  href=\"https:\/\/www.tollbelgium.com\/fr\/serres\/serre-riga\/\" target=\"_self\"   class=\"aux-button aux-medium aux-emerald aux-curve aux-none\" ><span class=\"aux-overlay\"><\/span><span class=\"aux-text\">D\u00e9tails du produit<\/span><\/a>            <\/div>\n        <\/div>\n                    <div class=\"aux-text-widget-footer\">\n                <div class=\"aux-border-shape-none \">\n                                <\/div>\n            <\/div>\n        \n<\/section><!-- widget-container -->\t\t\t\t<\/div>\n\t\t\t\t\t<\/div>\n\t\t<\/div>\n\t\t\t\t<div class=\"aux-parallax-section elementor-column elementor-col-33 elementor-top-column elementor-element elementor-element-da07cb8\" data-id=\"da07cb8\" data-element_type=\"column\" data-e-type=\"column\">\n\t\t\t<div class=\"elementor-widget-wrap elementor-element-populated\">\n\t\t\t\t\t\t<div class=\"elementor-element elementor-element-4259fe2 elementor-widget elementor-widget-aux_text\" data-id=\"4259fe2\" data-element_type=\"widget\" data-e-type=\"widget\" id=\"clickarcus\" data-widget_type=\"aux_text.default\">\n\t\t\t\t\t<section class=\"widget-container aux-widget-text aux-parent-au413f5c69\">        <div class=\"aux-widget-advanced-text aux-wrap-style-simple aux-ico-pos-top aux-text-center aux-text-resp- aux-text-color-dark aux-text-widget-bg-center  \" >\n        \n                            <div class=\"aux-text-widget-header \"  >\n                        <div class=\"aux-ico-box aux-ico-large aux-img-box aux-ico-shape-round-rect aux-ico-clear \">\n                                                                <img decoding=\"async\" width=\"300\" height=\"300\" src=\"https:\/\/www.tollbelgium.com\/wp-content\/uploads\/2020\/05\/arcus-00002-300x300.jpg\" class=\"aux-attachment aux-featured-image aux-attachment-id-733\" alt=\"arcus-00002\" srcset=\"https:\/\/www.tollbelgium.com\/wp-content\/uploads\/2020\/05\/arcus-00002-150x150.jpg 150w,https:\/\/www.tollbelgium.com\/wp-content\/uploads\/2020\/05\/arcus-00002-300x300.jpg 300w,https:\/\/www.tollbelgium.com\/wp-content\/uploads\/2020\/05\/arcus-00002-768x768.jpg 768w,https:\/\/www.tollbelgium.com\/wp-content\/uploads\/2020\/05\/arcus-00002-1024x900.jpg 1024w,https:\/\/www.tollbelgium.com\/wp-content\/uploads\/2020\/05\/arcus-00002-300x300.jpg 300w\" data-ratio=\"1\" data-original-w=\"1350\" \/>                                                    <\/div>\n                <\/div>\n            \n            <div class=\"aux-text-inner aux-text-widget-content\">\n                                <h4 class=\"col-title\">Serre Arcus<\/h4>\n                                <div class=\"widget-content\">\n                                        <p>La serre\u00a0en arc rond<\/p>                <\/div>\n                <a  href=\"https:\/\/www.tollbelgium.com\/fr\/serres\/serre-arcus\/\" target=\"_self\"   class=\"aux-button aux-medium aux-emerald aux-curve aux-none\" ><span class=\"aux-overlay\"><\/span><span class=\"aux-text\">D\u00e9tails du produit<\/span><\/a>            <\/div>\n        <\/div>\n                    <div class=\"aux-text-widget-footer\">\n                <div class=\"aux-border-shape-none \">\n                                <\/div>\n            <\/div>\n        \n<\/section><!-- widget-container -->\t\t\t\t<\/div>\n\t\t\t\t\t<\/div>\n\t\t<\/div>\n\t\t\t\t\t<\/div>\n\t\t<\/section>\n\t\t\t\t<section class=\"elementor-section elementor-top-section elementor-element elementor-element-9ff9802 elementor-section-boxed elementor-section-height-default elementor-section-height-default\" data-id=\"9ff9802\" data-element_type=\"section\" data-e-type=\"section\">\n\t\t\t\t\t\t<div class=\"elementor-container elementor-column-gap-default\">\n\t\t\t\t\t<div class=\"aux-parallax-section elementor-column elementor-col-100 elementor-top-column elementor-element elementor-element-c3a6da3\" data-id=\"c3a6da3\" data-element_type=\"column\" data-e-type=\"column\">\n\t\t\t<div class=\"elementor-widget-wrap elementor-element-populated\">\n\t\t\t\t\t\t<div class=\"elementor-element elementor-element-484e602 elementor-widget elementor-widget-html\" data-id=\"484e602\" data-element_type=\"widget\" data-e-type=\"widget\" data-widget_type=\"html.default\">\n\t\t\t\t\t<script>\r\ndocument.getElementById(\"clickbio\").onclick = function() {myRedirect(\"clickbio\")};\r\ndocument.getElementById(\"clickriga\").onclick = function() {myRedirect(\"clickriga\")};\r\ndocument.getElementById(\"clickarcus\").onclick = function() {myRedirect(\"clickarcus\")};\r\n\r\nfunction myRedirect(myURL) {\r\n    switch (myURL) {\r\n        case \"clickbio\": \r\n window.open(\"https:\/\/www.tollbelgium.com\/fr\/serres\/serre-biotop\/\", \"_self\");\r\nbreak;\r\ncase \"clickriga\" :\r\n  window.open(\"https:\/\/www.tollbelgium.com\/fr\/serres\/serre-riga\/\", \"_self\");\r\nbreak;\r\ncase \"clickarcus\" :\r\n  window.open(\"https:\/\/www.tollbelgium.com\/fr\/serres\/serre-arcus\/\", \"_self\");\r\nbreak;\r\n}\r\n}\r\n<\/script>\t\t\t\t<\/div>\n\t\t\t\t<div class=\"elementor-element elementor-element-3027db8 elementor-widget elementor-widget-text-editor\" data-id=\"3027db8\" data-element_type=\"widget\" data-e-type=\"widget\" data-widget_type=\"text-editor.default\">\n\t\t\t\t\t\t\t\t\t<p>Une <strong>serre chaude dans leur propre jardin<\/strong> est l\u2019occasion parfaite pour beaucoup de personnes de r\u00e9aliser le r\u00eave de cultiver des l\u00e9gumes et des fruits sur leur propre propri\u00e9t\u00e9. Les tomates fruit\u00e9es, les concombres croquants ou les pommes de terre aromatiques sal\u00e9es sont parmi les l\u00e9gumes classiques qui peuvent prosp\u00e9rer dans une serre avec les bons soins.<\/p>\n<p>Une serre apporte avec elle de nombreux avantages diff\u00e9rents qui ne sont pas n\u00e9gligeables lors de la culture des plantes: Apr\u00e8s tout, un sol nutritif et l\u2019arrosage r\u00e9gulier seul ne sont pas suffisants pour la culture r\u00e9ussie des fruits et l\u00e9gumes.<\/p>\n<p>Le bon climat, la protection contre les conditions m\u00e9t\u00e9orologiques d\u00e9favorables ainsi que la protection contre la vermine et les pr\u00e9dateurs doivent \u00e9galement \u00eatre donn\u00e9s afin que les l\u00e9gumes et les fruits puissent pousser dans le jardin \u00e0 la maison.<\/p>\n<p><strong>HOKLARTHERM<\/strong> attache une grande importance \u00e0 r\u00e9pondre aux exigences esth\u00e9tiques et pr\u00e9sente donc une <strong>vari\u00e9t\u00e9 de diff\u00e9rents types de serres<\/strong> &#8211; individuellement et selon vos id\u00e9es.<\/p>\n\t\t\t\t\t\t\t\t<\/div>\n\t\t\t\t\t<\/div>\n\t\t<\/div>\n\t\t\t\t\t<\/div>\n\t\t<\/section>\n\t\t\t\t<section class=\"elementor-section elementor-top-section elementor-element elementor-element-6bbc3ec elementor-section-boxed elementor-section-height-default elementor-section-height-default\" data-id=\"6bbc3ec\" data-element_type=\"section\" data-e-type=\"section\">\n\t\t\t\t\t\t<div class=\"elementor-container elementor-column-gap-default\">\n\t\t\t\t\t<div class=\"aux-parallax-section elementor-column elementor-col-100 elementor-top-column elementor-element elementor-element-9df2996\" data-id=\"9df2996\" data-element_type=\"column\" data-e-type=\"column\">\n\t\t\t<div class=\"elementor-widget-wrap elementor-element-populated\">\n\t\t\t\t\t\t<div class=\"elementor-element elementor-element-0458424 elementor-widget elementor-widget-image\" data-id=\"0458424\" data-element_type=\"widget\" data-e-type=\"widget\" data-widget_type=\"image.default\">\n\t\t\t\t\t\t\t\t\t\t\t\t\t\t\t<img loading=\"lazy\" decoding=\"async\" width=\"207\" height=\"86\" src=\"https:\/\/www.tollbelgium.com\/wp-content\/uploads\/2020\/04\/hoklarterm_logo.png\" class=\"attachment-large size-large wp-image-253\" alt=\"\" \/>\t\t\t\t\t\t\t\t\t\t\t\t\t\t\t<\/div>\n\t\t\t\t<div class=\"elementor-element elementor-element-aa6f00d elementor-widget elementor-widget-text-editor\" data-id=\"aa6f00d\" data-element_type=\"widget\" data-e-type=\"widget\" data-widget_type=\"text-editor.default\">\n\t\t\t\t\t\t\t\t\t<p>Produits de marque directement de notre partenaire \u2014 Qualit\u00e9 \u00ab\u00a0Made in Germany\u00a0\u00bb<\/p>\n\t\t\t\t\t\t\t\t<\/div>\n\t\t\t\t\t<\/div>\n\t\t<\/div>\n\t\t\t\t\t<\/div>\n\t\t<\/section>\n\t\t\t\t<\/div>\n\t\t","protected":false},"excerpt":{"rendered":"<p>Des serres de haute qualit\u00e9 de Hoklartherm\u2026bien plus qu\u2019utiles Serre Bio-Top La serre de toit de selle D\u00e9tails du produit Serre Riga La serre en forme d\u2019oignon D\u00e9tails du produit Serre Arcus La serre\u00a0en arc rond D\u00e9tails du produit Une serre chaude dans leur propre jardin est l\u2019occasion parfaite pour beaucoup de personnes de r\u00e9aliser [&hellip;]<\/p>\n","protected":false},"author":1,"featured_media":0,"parent":0,"menu_order":0,"comment_status":"closed","ping_status":"closed","template":"","meta":{"_acf_changed":false,"footnotes":""},"class_list":["post-1690","page","type-page","status-publish","hentry"],"acf":[],"aioseo_notices":[],"_links":{"self":[{"href":"https:\/\/www.tollbelgium.com\/fr\/wp-json\/wp\/v2\/pages\/1690","targetHints":{"allow":["GET"]}}],"collection":[{"href":"https:\/\/www.tollbelgium.com\/fr\/wp-json\/wp\/v2\/pages"}],"about":[{"href":"https:\/\/www.tollbelgium.com\/fr\/wp-json\/wp\/v2\/types\/page"}],"author":[{"embeddable":true,"href":"https:\/\/www.tollbelgium.com\/fr\/wp-json\/wp\/v2\/users\/1"}],"replies":[{"embeddable":true,"href":"https:\/\/www.tollbelgium.com\/fr\/wp-json\/wp\/v2\/comments?post=1690"}],"version-history":[{"count":0,"href":"https:\/\/www.tollbelgium.com\/fr\/wp-json\/wp\/v2\/pages\/1690\/revisions"}],"wp:attachment":[{"href":"https:\/\/www.tollbelgium.com\/fr\/wp-json\/wp\/v2\/media?parent=1690"}],"curies":[{"name":"wp","href":"https:\/\/api.w.org\/{rel}","templated":true}]}}