{"id":1729,"date":"2020-06-03T03:33:49","date_gmt":"2020-06-03T01:33:49","guid":{"rendered":"https:\/\/www.tollbelgium.com\/serres\/serre-bio-top\/"},"modified":"2020-06-03T03:41:19","modified_gmt":"2020-06-03T01:41:19","slug":"serre-bio-top","status":"publish","type":"page","link":"https:\/\/www.tollbelgium.com\/fr\/serres\/serre-bio-top\/","title":{"rendered":"Serre Bio-Top"},"content":{"rendered":"\t\t<div data-elementor-type=\"wp-page\" data-elementor-id=\"1729\" class=\"elementor elementor-1729 elementor-619\" data-elementor-settings=\"{&quot;element_pack_global_tooltip_width&quot;:{&quot;unit&quot;:&quot;px&quot;,&quot;size&quot;:&quot;&quot;,&quot;sizes&quot;:[]},&quot;element_pack_global_tooltip_width_tablet&quot;:{&quot;unit&quot;:&quot;px&quot;,&quot;size&quot;:&quot;&quot;,&quot;sizes&quot;:[]},&quot;element_pack_global_tooltip_width_mobile&quot;:{&quot;unit&quot;:&quot;px&quot;,&quot;size&quot;:&quot;&quot;,&quot;sizes&quot;:[]},&quot;element_pack_global_tooltip_padding&quot;:{&quot;unit&quot;:&quot;px&quot;,&quot;top&quot;:&quot;&quot;,&quot;right&quot;:&quot;&quot;,&quot;bottom&quot;:&quot;&quot;,&quot;left&quot;:&quot;&quot;,&quot;isLinked&quot;:true},&quot;element_pack_global_tooltip_padding_tablet&quot;:{&quot;unit&quot;:&quot;px&quot;,&quot;top&quot;:&quot;&quot;,&quot;right&quot;:&quot;&quot;,&quot;bottom&quot;:&quot;&quot;,&quot;left&quot;:&quot;&quot;,&quot;isLinked&quot;:true},&quot;element_pack_global_tooltip_padding_mobile&quot;:{&quot;unit&quot;:&quot;px&quot;,&quot;top&quot;:&quot;&quot;,&quot;right&quot;:&quot;&quot;,&quot;bottom&quot;:&quot;&quot;,&quot;left&quot;:&quot;&quot;,&quot;isLinked&quot;:true},&quot;element_pack_global_tooltip_border_radius&quot;:{&quot;unit&quot;:&quot;px&quot;,&quot;top&quot;:&quot;&quot;,&quot;right&quot;:&quot;&quot;,&quot;bottom&quot;:&quot;&quot;,&quot;left&quot;:&quot;&quot;,&quot;isLinked&quot;:true},&quot;element_pack_global_tooltip_border_radius_tablet&quot;:{&quot;unit&quot;:&quot;px&quot;,&quot;top&quot;:&quot;&quot;,&quot;right&quot;:&quot;&quot;,&quot;bottom&quot;:&quot;&quot;,&quot;left&quot;:&quot;&quot;,&quot;isLinked&quot;:true},&quot;element_pack_global_tooltip_border_radius_mobile&quot;:{&quot;unit&quot;:&quot;px&quot;,&quot;top&quot;:&quot;&quot;,&quot;right&quot;:&quot;&quot;,&quot;bottom&quot;:&quot;&quot;,&quot;left&quot;:&quot;&quot;,&quot;isLinked&quot;:true}}\" data-elementor-post-type=\"page\">\n\t\t\t\t\t\t<section class=\"elementor-section elementor-top-section elementor-element elementor-element-25d13555 elementor-section-boxed elementor-section-height-default elementor-section-height-default\" data-id=\"25d13555\" data-element_type=\"section\" data-e-type=\"section\">\n\t\t\t\t\t\t<div class=\"elementor-container elementor-column-gap-default\">\n\t\t\t\t\t<div class=\"aux-parallax-section elementor-column elementor-col-100 elementor-top-column elementor-element elementor-element-40c9ff7f\" data-id=\"40c9ff7f\" data-element_type=\"column\" data-e-type=\"column\">\n\t\t\t<div class=\"elementor-widget-wrap elementor-element-populated\">\n\t\t\t\t\t\t<div class=\"elementor-element elementor-element-60d95ead elementor-widget elementor-widget-aux_breadcrumbs\" data-id=\"60d95ead\" data-element_type=\"widget\" data-e-type=\"widget\" data-widget_type=\"aux_breadcrumbs.default\">\n\t\t\t\t\t<div class=\"aux-elementor-breadcrumbs\"><p class=\"aux-breadcrumbs\"><svg aria-hidden=\"true\" class=\"aux-breadcrumb-sep e-font-icon-svg e-fas-home\" viewBox=\"0 0 576 512\" xmlns=\"http:\/\/www.w3.org\/2000\/svg\"><path d=\"M280.37 148.26L96 300.11V464a16 16 0 0 0 16 16l112.06-.29a16 16 0 0 0 15.92-16V368a16 16 0 0 1 16-16h64a16 16 0 0 1 16 16v95.64a16 16 0 0 0 16 16.05L464 480a16 16 0 0 0 16-16V300L295.67 148.26a12.19 12.19 0 0 0-15.3 0zM571.6 251.47L488 182.56V44.05a12 12 0 0 0-12-12h-56a12 12 0 0 0-12 12v72.61L318.47 43a48 48 0 0 0-61 0L4.34 251.47a12 12 0 0 0-1.6 16.9l25.5 31A12 12 0 0 0 45.15 301l235.22-193.74a12.19 12.19 0 0 1 15.3 0L530.9 301a12 12 0 0 0 16.9-1.6l25.5-31a12 12 0 0 0-1.7-16.93z\"><\/path><\/svg><\/div>\t\t\t\t<\/div>\n\t\t\t\t\t<\/div>\n\t\t<\/div>\n\t\t\t\t\t<\/div>\n\t\t<\/section>\n\t\t\t\t<section class=\"elementor-section elementor-top-section elementor-element elementor-element-73603f0e elementor-section-boxed elementor-section-height-default elementor-section-height-default\" data-id=\"73603f0e\" data-element_type=\"section\" data-e-type=\"section\">\n\t\t\t\t\t\t<div class=\"elementor-container elementor-column-gap-default\">\n\t\t\t\t\t<div class=\"aux-parallax-section elementor-column elementor-col-50 elementor-top-column elementor-element elementor-element-d79df9d\" data-id=\"d79df9d\" data-element_type=\"column\" data-e-type=\"column\">\n\t\t\t<div class=\"elementor-widget-wrap elementor-element-populated\">\n\t\t\t\t\t\t<div class=\"elementor-element elementor-element-527d4c8d elementor-widget elementor-widget-image\" data-id=\"527d4c8d\" data-element_type=\"widget\" data-e-type=\"widget\" data-widget_type=\"image.default\">\n\t\t\t\t\t\t\t\t\t\t\t\t\t\t\t\t<a href=\"https:\/\/www.tollbelgium.com\/wp-content\/uploads\/2020\/05\/biotop-00018.jpg\" data-elementor-open-lightbox=\"yes\" data-elementor-lightbox-title=\"biotop-00018\" data-e-action-hash=\"#elementor-action%3Aaction%3Dlightbox%26settings%3DeyJpZCI6NjgyLCJ1cmwiOiJodHRwczpcL1wvd3d3LnRvbGxiZWxnaXVtLmNvbVwvd3AtY29udGVudFwvdXBsb2Fkc1wvMjAyMFwvMDVcL2Jpb3RvcC0wMDAxOC5qcGcifQ%3D%3D\">\n\t\t\t\t\t\t\t<img fetchpriority=\"high\" decoding=\"async\" width=\"300\" height=\"300\" src=\"https:\/\/www.tollbelgium.com\/wp-content\/uploads\/2020\/05\/biotop-00018-300x300.jpg\" class=\"attachment-medium size-medium wp-image-682\" alt=\"\" srcset=\"https:\/\/www.tollbelgium.com\/wp-content\/uploads\/2020\/05\/biotop-00018-300x300.jpg 300w, https:\/\/www.tollbelgium.com\/wp-content\/uploads\/2020\/05\/biotop-00018-150x150.jpg 150w, https:\/\/www.tollbelgium.com\/wp-content\/uploads\/2020\/05\/biotop-00018-768x768.jpg 768w\" sizes=\"(max-width: 300px) 100vw, 300px\" \/>\t\t\t\t\t\t\t\t<\/a>\n\t\t\t\t\t\t\t\t\t\t\t\t\t\t\t<\/div>\n\t\t\t\t<div class=\"elementor-element elementor-element-44ce186b elementor-widget elementor-widget-text-editor\" data-id=\"44ce186b\" data-element_type=\"widget\" data-e-type=\"widget\" data-widget_type=\"text-editor.default\">\n\t\t\t\t\t\t\t\t\t<h3>Bio-Top &#8211;&nbsp;serre \u00e0 toit \u00e0 pignon<\/h3>\n<ul>\n<li>un classique de haute qualit\u00e9 parmi les serres<\/li>\n<li>options de conception vari\u00e9es et stables pour le vitrage et la couleur<\/li>\n<li>porte tournante divis\u00e9e<\/li>\n<li>goutti\u00e8re des deux c\u00f4t\u00e9s<\/li>\n<\/ul>\n<h3>BIO-TOP I \u00e0 III<\/h3>\n<p>Superficie au sol de 6 \u00e0 26,9 m\u00b2<\/p>\n<p><span style=\"text-decoration: underline;\">\u00e0 partir de 3.141 \u20ac<\/span><\/p>\t\t\t\t\t\t\t\t<\/div>\n\t\t\t\t<div class=\"elementor-element elementor-element-551b0d9 elementor-widget elementor-widget-aux_button\" data-id=\"551b0d9\" data-element_type=\"widget\" data-e-type=\"widget\" data-widget_type=\"aux_button.default\">\n\t\t\t\t\t<a  href=\"https:\/\/www.tollbelgium.com\/fr\/contact\/\" target=\"_self\"   class=\"aux-button aux-medium aux-emerald aux-curve aux-none aux-uppercase\" ><span class=\"aux-overlay\"><\/span><span class=\"aux-text\">Contactez-nous<\/span><\/a>\t\t\t\t<\/div>\n\t\t\t\t\t<\/div>\n\t\t<\/div>\n\t\t\t\t<div class=\"aux-parallax-section elementor-column elementor-col-50 elementor-top-column elementor-element elementor-element-20954c5d\" data-id=\"20954c5d\" data-element_type=\"column\" data-e-type=\"column\">\n\t\t\t<div class=\"elementor-widget-wrap elementor-element-populated\">\n\t\t\t\t\t\t<div class=\"elementor-element elementor-element-21d76da elementor-widget elementor-widget-text-editor\" data-id=\"21d76da\" data-element_type=\"widget\" data-e-type=\"widget\" data-widget_type=\"text-editor.default\">\n\t\t\t\t\t\t\t\t\t<h3>Description<\/h3>\n<p>Le Bio-Top est d\u00e9sormais un v\u00e9ritable classique parmi les serres.<\/p>\n<p>Fabrication de haute qualit\u00e9, dans la couleur de votre choix, dot\u00e9e de panneaux \u00e0 double vitrage et \/ ou \u00e0 chambre creuse et d&rsquo;accessoires appropri\u00e9s tels que des \u00e9tag\u00e8res, des bacs \u00e0 plantes ou des embouts d\u00e9coratifs ne laissent rien \u00e0 d\u00e9sirer. Parfait non?<\/p>\n<p>La s\u00e9rie \u00ab\u00a0Bio-Top\u00a0\u00bb est disponible en 3 largeurs 2,15 m, 2,66 m et 3,10 m et peut \u00eatre fabriqu\u00e9e en longueur individuelle selon le type.<\/p>\n<p>En plus de l&rsquo;encombrement, la hauteur du mur debout est \u00e9galement cruciale. La s\u00e9rie bio-top a au moins 1,71 m. Selon le mod\u00e8le, cela peut atteindre 1,84 m. Cela vous permet de travailler confortablement et en toute s\u00e9curit\u00e9 et offre \u00e9galement de nombreux avantages en ce qui concerne la circulation de l&rsquo;air \u00e0 l&rsquo;int\u00e9rieur de la serre.<\/p>\n<h3>Caract\u00e9ristiques g\u00e9n\u00e9rales<\/h3>\n<ul>\n<li>grille de vitrage de 0,50 (ligne en T) ou 1,00 m s\u00e9lectionnable<\/li>\n<li>profil\u00e9s en aluminium enduit de poudre de haute qualit\u00e9 avec une grande stabilit\u00e9<\/li>\n<li>couleur RAL s\u00e9lectionnable. Vert sapin standard RAL 6009<\/li>\n<li>vitrage et vitrage mixte possibles (verre de s\u00e9curit\u00e9 ISO 16 mm \/ panneaux \u00e0 chambre creuse)<\/li>\n<li>les portes et fen\u00eatres sont enti\u00e8rement assembl\u00e9es et vitr\u00e9es avec du verre de s\u00e9curit\u00e9 ISO<\/li>\n<li>capacit\u00e9 de charge depuis le toit environ 150 kg \/ m\u00b2<\/li>\n<li>fen\u00eatres de toit int\u00e9gr\u00e9es dans la partie sup\u00e9rieure de la cr\u00eate, y compris les l\u00e8ve-vitres automatiques pour une ventilation automatique<\/li>\n<li>porte tournante divis\u00e9e \u00e0 1 vantail (largeur brouette: environ 0,76 m) avec poign\u00e9e verrouillable<\/li>\n<li>grandes goutti\u00e8res des deux c\u00f4t\u00e9s, y compris les tuyaux de descente<\/li>\n<li>conseils d\u00e9coratifs, \u00e9l\u00e9ments d\u00e9coratifs, cadres de fondation et accessoires disponibles<\/li>\n<\/ul>\n\t\t\t\t\t\t\t\t<\/div>\n\t\t\t\t\t<\/div>\n\t\t<\/div>\n\t\t\t\t\t<\/div>\n\t\t<\/section>\n\t\t\t\t<section class=\"elementor-section elementor-top-section elementor-element elementor-element-f950079 elementor-section-boxed elementor-section-height-default elementor-section-height-default\" data-id=\"f950079\" data-element_type=\"section\" data-e-type=\"section\">\n\t\t\t\t\t\t<div class=\"elementor-container elementor-column-gap-default\">\n\t\t\t\t\t<div class=\"aux-parallax-section elementor-column elementor-col-100 elementor-top-column elementor-element elementor-element-31f22b27\" data-id=\"31f22b27\" data-element_type=\"column\" data-e-type=\"column\">\n\t\t\t<div class=\"elementor-widget-wrap elementor-element-populated\">\n\t\t\t\t\t\t<div class=\"elementor-element elementor-element-1de36d33 elementor-arrows-position-inside elementor-pagination-position-outside elementor-widget elementor-widget-image-carousel\" data-id=\"1de36d33\" data-element_type=\"widget\" data-e-type=\"widget\" data-settings=\"{&quot;autoplay&quot;:&quot;no&quot;,&quot;slides_to_show&quot;:&quot;3&quot;,&quot;infinite&quot;:&quot;no&quot;,&quot;navigation&quot;:&quot;both&quot;,&quot;speed&quot;:500}\" data-widget_type=\"image-carousel.default\">\n\t\t\t\t\t\t\t<div class=\"elementor-image-carousel-wrapper swiper\" role=\"region\" aria-roledescription=\"carousel\" aria-label=\"Carrousel d\u2019images\" dir=\"ltr\">\n\t\t\t<div class=\"elementor-image-carousel swiper-wrapper\" aria-live=\"polite\">\n\t\t\t\t\t\t\t\t<div class=\"swiper-slide\" role=\"group\" aria-roledescription=\"slide\" aria-label=\"1 sur 16\"><a data-elementor-open-lightbox=\"yes\" data-elementor-lightbox-slideshow=\"1de36d33\" data-elementor-lightbox-title=\"biotop-00005\" data-e-action-hash=\"#elementor-action%3Aaction%3Dlightbox%26settings%3DeyJpZCI6NjM0LCJ1cmwiOiJodHRwczpcL1wvd3d3LnRvbGxiZWxnaXVtLmNvbVwvd3AtY29udGVudFwvdXBsb2Fkc1wvMjAyMFwvMDVcL2Jpb3RvcC0wMDAwNS5qcGciLCJzbGlkZXNob3ciOiIxZGUzNmQzMyJ9\" href=\"https:\/\/www.tollbelgium.com\/wp-content\/uploads\/2020\/05\/biotop-00005.jpg\"><figure class=\"swiper-slide-inner\"><img decoding=\"async\" class=\"swiper-slide-image\" src=\"https:\/\/www.tollbelgium.com\/wp-content\/uploads\/2020\/05\/biotop-00005-300x300.jpg\" alt=\"biotop-00005\" \/><\/figure><\/a><\/div><div class=\"swiper-slide\" role=\"group\" aria-roledescription=\"slide\" aria-label=\"2 sur 16\"><a data-elementor-open-lightbox=\"yes\" data-elementor-lightbox-slideshow=\"1de36d33\" data-elementor-lightbox-title=\"biotop-00019\" data-e-action-hash=\"#elementor-action%3Aaction%3Dlightbox%26settings%3DeyJpZCI6Njc2LCJ1cmwiOiJodHRwczpcL1wvd3d3LnRvbGxiZWxnaXVtLmNvbVwvd3AtY29udGVudFwvdXBsb2Fkc1wvMjAyMFwvMDVcL2Jpb3RvcC0wMDAxOS5qcGciLCJzbGlkZXNob3ciOiIxZGUzNmQzMyJ9\" href=\"https:\/\/www.tollbelgium.com\/wp-content\/uploads\/2020\/05\/biotop-00019.jpg\"><figure class=\"swiper-slide-inner\"><img decoding=\"async\" class=\"swiper-slide-image\" src=\"https:\/\/www.tollbelgium.com\/wp-content\/uploads\/2020\/05\/biotop-00019-300x300.jpg\" alt=\"biotop-00019\" \/><\/figure><\/a><\/div><div class=\"swiper-slide\" role=\"group\" aria-roledescription=\"slide\" aria-label=\"3 sur 16\"><a data-elementor-open-lightbox=\"yes\" data-elementor-lightbox-slideshow=\"1de36d33\" data-elementor-lightbox-title=\"biotop-00004\" data-e-action-hash=\"#elementor-action%3Aaction%3Dlightbox%26settings%3DeyJpZCI6NjMxLCJ1cmwiOiJodHRwczpcL1wvd3d3LnRvbGxiZWxnaXVtLmNvbVwvd3AtY29udGVudFwvdXBsb2Fkc1wvMjAyMFwvMDVcL2Jpb3RvcC0wMDAwNC5qcGciLCJzbGlkZXNob3ciOiIxZGUzNmQzMyJ9\" href=\"https:\/\/www.tollbelgium.com\/wp-content\/uploads\/2020\/05\/biotop-00004.jpg\"><figure class=\"swiper-slide-inner\"><img decoding=\"async\" class=\"swiper-slide-image\" src=\"https:\/\/www.tollbelgium.com\/wp-content\/uploads\/2020\/05\/biotop-00004-300x300.jpg\" alt=\"biotop-00004\" \/><\/figure><\/a><\/div><div class=\"swiper-slide\" role=\"group\" aria-roledescription=\"slide\" aria-label=\"4 sur 16\"><a data-elementor-open-lightbox=\"yes\" data-elementor-lightbox-slideshow=\"1de36d33\" data-elementor-lightbox-title=\"biotop-00010\" data-e-action-hash=\"#elementor-action%3Aaction%3Dlightbox%26settings%3DeyJpZCI6NjQ5LCJ1cmwiOiJodHRwczpcL1wvd3d3LnRvbGxiZWxnaXVtLmNvbVwvd3AtY29udGVudFwvdXBsb2Fkc1wvMjAyMFwvMDVcL2Jpb3RvcC0wMDAxMC5qcGciLCJzbGlkZXNob3ciOiIxZGUzNmQzMyJ9\" href=\"https:\/\/www.tollbelgium.com\/wp-content\/uploads\/2020\/05\/biotop-00010.jpg\"><figure class=\"swiper-slide-inner\"><img decoding=\"async\" class=\"swiper-slide-image\" src=\"https:\/\/www.tollbelgium.com\/wp-content\/uploads\/2020\/05\/biotop-00010-300x300.jpg\" alt=\"biotop-00010\" \/><\/figure><\/a><\/div><div class=\"swiper-slide\" role=\"group\" aria-roledescription=\"slide\" aria-label=\"5 sur 16\"><a data-elementor-open-lightbox=\"yes\" data-elementor-lightbox-slideshow=\"1de36d33\" data-elementor-lightbox-title=\"biotop-00011\" data-e-action-hash=\"#elementor-action%3Aaction%3Dlightbox%26settings%3DeyJpZCI6NjUyLCJ1cmwiOiJodHRwczpcL1wvd3d3LnRvbGxiZWxnaXVtLmNvbVwvd3AtY29udGVudFwvdXBsb2Fkc1wvMjAyMFwvMDVcL2Jpb3RvcC0wMDAxMS5qcGciLCJzbGlkZXNob3ciOiIxZGUzNmQzMyJ9\" href=\"https:\/\/www.tollbelgium.com\/wp-content\/uploads\/2020\/05\/biotop-00011.jpg\"><figure class=\"swiper-slide-inner\"><img decoding=\"async\" class=\"swiper-slide-image\" src=\"https:\/\/www.tollbelgium.com\/wp-content\/uploads\/2020\/05\/biotop-00011-300x300.jpg\" alt=\"biotop-00011\" \/><\/figure><\/a><\/div><div class=\"swiper-slide\" role=\"group\" aria-roledescription=\"slide\" aria-label=\"6 sur 16\"><a data-elementor-open-lightbox=\"yes\" data-elementor-lightbox-slideshow=\"1de36d33\" data-elementor-lightbox-title=\"biotop-00006\" data-e-action-hash=\"#elementor-action%3Aaction%3Dlightbox%26settings%3DeyJpZCI6NjM3LCJ1cmwiOiJodHRwczpcL1wvd3d3LnRvbGxiZWxnaXVtLmNvbVwvd3AtY29udGVudFwvdXBsb2Fkc1wvMjAyMFwvMDVcL2Jpb3RvcC0wMDAwNi5qcGciLCJzbGlkZXNob3ciOiIxZGUzNmQzMyJ9\" href=\"https:\/\/www.tollbelgium.com\/wp-content\/uploads\/2020\/05\/biotop-00006.jpg\"><figure class=\"swiper-slide-inner\"><img decoding=\"async\" class=\"swiper-slide-image\" src=\"https:\/\/www.tollbelgium.com\/wp-content\/uploads\/2020\/05\/biotop-00006-300x300.jpg\" alt=\"biotop-00006\" \/><\/figure><\/a><\/div><div class=\"swiper-slide\" role=\"group\" aria-roledescription=\"slide\" aria-label=\"7 sur 16\"><a data-elementor-open-lightbox=\"yes\" data-elementor-lightbox-slideshow=\"1de36d33\" data-elementor-lightbox-title=\"biotop-00017\" data-e-action-hash=\"#elementor-action%3Aaction%3Dlightbox%26settings%3DeyJpZCI6Njc5LCJ1cmwiOiJodHRwczpcL1wvd3d3LnRvbGxiZWxnaXVtLmNvbVwvd3AtY29udGVudFwvdXBsb2Fkc1wvMjAyMFwvMDVcL2Jpb3RvcC0wMDAxNy5qcGciLCJzbGlkZXNob3ciOiIxZGUzNmQzMyJ9\" href=\"https:\/\/www.tollbelgium.com\/wp-content\/uploads\/2020\/05\/biotop-00017.jpg\"><figure class=\"swiper-slide-inner\"><img decoding=\"async\" class=\"swiper-slide-image\" src=\"https:\/\/www.tollbelgium.com\/wp-content\/uploads\/2020\/05\/biotop-00017-300x300.jpg\" alt=\"biotop-00017\" \/><\/figure><\/a><\/div><div class=\"swiper-slide\" role=\"group\" aria-roledescription=\"slide\" aria-label=\"8 sur 16\"><a data-elementor-open-lightbox=\"yes\" data-elementor-lightbox-slideshow=\"1de36d33\" data-elementor-lightbox-title=\"biotop-00020\" data-e-action-hash=\"#elementor-action%3Aaction%3Dlightbox%26settings%3DeyJpZCI6NjcwLCJ1cmwiOiJodHRwczpcL1wvd3d3LnRvbGxiZWxnaXVtLmNvbVwvd3AtY29udGVudFwvdXBsb2Fkc1wvMjAyMFwvMDVcL2Jpb3RvcC0wMDAyMC5qcGciLCJzbGlkZXNob3ciOiIxZGUzNmQzMyJ9\" href=\"https:\/\/www.tollbelgium.com\/wp-content\/uploads\/2020\/05\/biotop-00020.jpg\"><figure class=\"swiper-slide-inner\"><img decoding=\"async\" class=\"swiper-slide-image\" src=\"https:\/\/www.tollbelgium.com\/wp-content\/uploads\/2020\/05\/biotop-00020-300x300.jpg\" alt=\"biotop-00020\" \/><\/figure><\/a><\/div><div class=\"swiper-slide\" role=\"group\" aria-roledescription=\"slide\" aria-label=\"9 sur 16\"><a data-elementor-open-lightbox=\"yes\" data-elementor-lightbox-slideshow=\"1de36d33\" data-elementor-lightbox-title=\"biotop-00001\" data-e-action-hash=\"#elementor-action%3Aaction%3Dlightbox%26settings%3DeyJpZCI6NjY3LCJ1cmwiOiJodHRwczpcL1wvd3d3LnRvbGxiZWxnaXVtLmNvbVwvd3AtY29udGVudFwvdXBsb2Fkc1wvMjAyMFwvMDVcL2Jpb3RvcC0wMDAwMS0xLmpwZyIsInNsaWRlc2hvdyI6IjFkZTM2ZDMzIn0%3D\" href=\"https:\/\/www.tollbelgium.com\/wp-content\/uploads\/2020\/05\/biotop-00001-1.jpg\"><figure class=\"swiper-slide-inner\"><img decoding=\"async\" class=\"swiper-slide-image\" src=\"https:\/\/www.tollbelgium.com\/wp-content\/uploads\/2020\/05\/biotop-00001-1-300x300.jpg\" alt=\"biotop-00001\" \/><\/figure><\/a><\/div><div class=\"swiper-slide\" role=\"group\" aria-roledescription=\"slide\" aria-label=\"10 sur 16\"><a data-elementor-open-lightbox=\"yes\" data-elementor-lightbox-slideshow=\"1de36d33\" data-elementor-lightbox-title=\"biotop-00015\" data-e-action-hash=\"#elementor-action%3Aaction%3Dlightbox%26settings%3DeyJpZCI6NjY0LCJ1cmwiOiJodHRwczpcL1wvd3d3LnRvbGxiZWxnaXVtLmNvbVwvd3AtY29udGVudFwvdXBsb2Fkc1wvMjAyMFwvMDVcL2Jpb3RvcC0wMDAxNS5qcGciLCJzbGlkZXNob3ciOiIxZGUzNmQzMyJ9\" href=\"https:\/\/www.tollbelgium.com\/wp-content\/uploads\/2020\/05\/biotop-00015.jpg\"><figure class=\"swiper-slide-inner\"><img decoding=\"async\" class=\"swiper-slide-image\" src=\"https:\/\/www.tollbelgium.com\/wp-content\/uploads\/2020\/05\/biotop-00015-300x300.jpg\" alt=\"biotop-00015\" \/><\/figure><\/a><\/div><div class=\"swiper-slide\" role=\"group\" aria-roledescription=\"slide\" aria-label=\"11 sur 16\"><a data-elementor-open-lightbox=\"yes\" data-elementor-lightbox-slideshow=\"1de36d33\" data-elementor-lightbox-title=\"biotop-00014\" data-e-action-hash=\"#elementor-action%3Aaction%3Dlightbox%26settings%3DeyJpZCI6NjYxLCJ1cmwiOiJodHRwczpcL1wvd3d3LnRvbGxiZWxnaXVtLmNvbVwvd3AtY29udGVudFwvdXBsb2Fkc1wvMjAyMFwvMDVcL2Jpb3RvcC0wMDAxNC5qcGciLCJzbGlkZXNob3ciOiIxZGUzNmQzMyJ9\" href=\"https:\/\/www.tollbelgium.com\/wp-content\/uploads\/2020\/05\/biotop-00014.jpg\"><figure class=\"swiper-slide-inner\"><img decoding=\"async\" class=\"swiper-slide-image\" src=\"https:\/\/www.tollbelgium.com\/wp-content\/uploads\/2020\/05\/biotop-00014-300x300.jpg\" alt=\"biotop-00014\" \/><\/figure><\/a><\/div><div class=\"swiper-slide\" role=\"group\" aria-roledescription=\"slide\" aria-label=\"12 sur 16\"><a data-elementor-open-lightbox=\"yes\" data-elementor-lightbox-slideshow=\"1de36d33\" data-elementor-lightbox-title=\"biotop-00012\" data-e-action-hash=\"#elementor-action%3Aaction%3Dlightbox%26settings%3DeyJpZCI6NjU1LCJ1cmwiOiJodHRwczpcL1wvd3d3LnRvbGxiZWxnaXVtLmNvbVwvd3AtY29udGVudFwvdXBsb2Fkc1wvMjAyMFwvMDVcL2Jpb3RvcC0wMDAxMi5qcGciLCJzbGlkZXNob3ciOiIxZGUzNmQzMyJ9\" href=\"https:\/\/www.tollbelgium.com\/wp-content\/uploads\/2020\/05\/biotop-00012.jpg\"><figure class=\"swiper-slide-inner\"><img decoding=\"async\" class=\"swiper-slide-image\" src=\"https:\/\/www.tollbelgium.com\/wp-content\/uploads\/2020\/05\/biotop-00012-300x300.jpg\" alt=\"biotop-00012\" \/><\/figure><\/a><\/div><div class=\"swiper-slide\" role=\"group\" aria-roledescription=\"slide\" aria-label=\"13 sur 16\"><a data-elementor-open-lightbox=\"yes\" data-elementor-lightbox-slideshow=\"1de36d33\" data-elementor-lightbox-title=\"biotop-00007\" data-e-action-hash=\"#elementor-action%3Aaction%3Dlightbox%26settings%3DeyJpZCI6NjQwLCJ1cmwiOiJodHRwczpcL1wvd3d3LnRvbGxiZWxnaXVtLmNvbVwvd3AtY29udGVudFwvdXBsb2Fkc1wvMjAyMFwvMDVcL2Jpb3RvcC0wMDAwNy5qcGciLCJzbGlkZXNob3ciOiIxZGUzNmQzMyJ9\" href=\"https:\/\/www.tollbelgium.com\/wp-content\/uploads\/2020\/05\/biotop-00007.jpg\"><figure class=\"swiper-slide-inner\"><img decoding=\"async\" class=\"swiper-slide-image\" src=\"https:\/\/www.tollbelgium.com\/wp-content\/uploads\/2020\/05\/biotop-00007-300x300.jpg\" alt=\"biotop-00007\" \/><\/figure><\/a><\/div><div class=\"swiper-slide\" role=\"group\" aria-roledescription=\"slide\" aria-label=\"14 sur 16\"><a data-elementor-open-lightbox=\"yes\" data-elementor-lightbox-slideshow=\"1de36d33\" data-elementor-lightbox-title=\"biotop-00003\" data-e-action-hash=\"#elementor-action%3Aaction%3Dlightbox%26settings%3DeyJpZCI6NjI4LCJ1cmwiOiJodHRwczpcL1wvd3d3LnRvbGxiZWxnaXVtLmNvbVwvd3AtY29udGVudFwvdXBsb2Fkc1wvMjAyMFwvMDVcL2Jpb3RvcC0wMDAwMy5qcGciLCJzbGlkZXNob3ciOiIxZGUzNmQzMyJ9\" href=\"https:\/\/www.tollbelgium.com\/wp-content\/uploads\/2020\/05\/biotop-00003.jpg\"><figure class=\"swiper-slide-inner\"><img decoding=\"async\" class=\"swiper-slide-image\" src=\"https:\/\/www.tollbelgium.com\/wp-content\/uploads\/2020\/05\/biotop-00003-300x300.jpg\" alt=\"biotop-00003\" \/><\/figure><\/a><\/div><div class=\"swiper-slide\" role=\"group\" aria-roledescription=\"slide\" aria-label=\"15 sur 16\"><a data-elementor-open-lightbox=\"yes\" data-elementor-lightbox-slideshow=\"1de36d33\" data-elementor-lightbox-title=\"biotop-00002\" data-e-action-hash=\"#elementor-action%3Aaction%3Dlightbox%26settings%3DeyJpZCI6NjI1LCJ1cmwiOiJodHRwczpcL1wvd3d3LnRvbGxiZWxnaXVtLmNvbVwvd3AtY29udGVudFwvdXBsb2Fkc1wvMjAyMFwvMDVcL2Jpb3RvcC0wMDAwMi5qcGciLCJzbGlkZXNob3ciOiIxZGUzNmQzMyJ9\" href=\"https:\/\/www.tollbelgium.com\/wp-content\/uploads\/2020\/05\/biotop-00002.jpg\"><figure class=\"swiper-slide-inner\"><img decoding=\"async\" class=\"swiper-slide-image\" src=\"https:\/\/www.tollbelgium.com\/wp-content\/uploads\/2020\/05\/biotop-00002-300x300.jpg\" alt=\"biotop-00002\" \/><\/figure><\/a><\/div><div class=\"swiper-slide\" role=\"group\" aria-roledescription=\"slide\" aria-label=\"16 sur 16\"><a data-elementor-open-lightbox=\"yes\" data-elementor-lightbox-slideshow=\"1de36d33\" data-elementor-lightbox-title=\"biotop-00001\" data-e-action-hash=\"#elementor-action%3Aaction%3Dlightbox%26settings%3DeyJpZCI6NjIyLCJ1cmwiOiJodHRwczpcL1wvd3d3LnRvbGxiZWxnaXVtLmNvbVwvd3AtY29udGVudFwvdXBsb2Fkc1wvMjAyMFwvMDVcL2Jpb3RvcC0wMDAwMS5qcGciLCJzbGlkZXNob3ciOiIxZGUzNmQzMyJ9\" href=\"https:\/\/www.tollbelgium.com\/wp-content\/uploads\/2020\/05\/biotop-00001.jpg\"><figure class=\"swiper-slide-inner\"><img decoding=\"async\" class=\"swiper-slide-image\" src=\"https:\/\/www.tollbelgium.com\/wp-content\/uploads\/2020\/05\/biotop-00001-300x300.jpg\" alt=\"biotop-00001\" \/><\/figure><\/a><\/div>\t\t\t<\/div>\n\t\t\t\t\t\t\t\t\t\t\t\t<div class=\"elementor-swiper-button elementor-swiper-button-prev\" role=\"button\" tabindex=\"0\">\n\t\t\t\t\t\t<svg aria-hidden=\"true\" class=\"e-font-icon-svg e-eicon-chevron-left\" viewBox=\"0 0 1000 1000\" xmlns=\"http:\/\/www.w3.org\/2000\/svg\"><path d=\"M646 125C629 125 613 133 604 142L308 442C296 454 292 471 292 487 292 504 296 521 308 533L604 854C617 867 629 875 646 875 663 875 679 871 692 858 704 846 713 829 713 812 713 796 708 779 692 767L438 487 692 225C700 217 708 204 708 187 708 171 704 154 692 142 675 129 663 125 646 125Z\"><\/path><\/svg>\t\t\t\t\t<\/div>\n\t\t\t\t\t<div class=\"elementor-swiper-button elementor-swiper-button-next\" role=\"button\" tabindex=\"0\">\n\t\t\t\t\t\t<svg aria-hidden=\"true\" class=\"e-font-icon-svg e-eicon-chevron-right\" viewBox=\"0 0 1000 1000\" xmlns=\"http:\/\/www.w3.org\/2000\/svg\"><path d=\"M696 533C708 521 713 504 713 487 713 471 708 454 696 446L400 146C388 133 375 125 354 125 338 125 325 129 313 142 300 154 292 171 292 187 292 204 296 221 308 233L563 492 304 771C292 783 288 800 288 817 288 833 296 850 308 863 321 871 338 875 354 875 371 875 388 867 400 854L696 533Z\"><\/path><\/svg>\t\t\t\t\t<\/div>\n\t\t\t\t\n\t\t\t\t\t\t\t\t\t<div class=\"swiper-pagination\"><\/div>\n\t\t\t\t\t\t\t\t\t<\/div>\n\t\t\t\t\t\t<\/div>\n\t\t\t\t\t<\/div>\n\t\t<\/div>\n\t\t\t\t\t<\/div>\n\t\t<\/section>\n\t\t\t\t<\/div>\n\t\t","protected":false},"excerpt":{"rendered":"<p>Bio-Top &#8211;\u00a0serre \u00e0 toit \u00e0 pignon un classique de haute qualit\u00e9 parmi les serres options de conception vari\u00e9es et stables pour le vitrage et la couleur porte tournante divis\u00e9e goutti\u00e8re des deux c\u00f4t\u00e9s BIO-TOP I \u00e0 III Superficie au sol de 6 \u00e0 26,9 m\u00b2 \u00e0 partir de 3.141 \u20ac Contactez-nous Description Le Bio-Top est [&hellip;]<\/p>\n","protected":false},"author":1,"featured_media":2495,"parent":1690,"menu_order":0,"comment_status":"closed","ping_status":"closed","template":"","meta":{"_acf_changed":false,"footnotes":""},"class_list":["post-1729","page","type-page","status-publish","has-post-thumbnail","hentry"],"acf":[],"aioseo_notices":[],"_links":{"self":[{"href":"https:\/\/www.tollbelgium.com\/fr\/wp-json\/wp\/v2\/pages\/1729","targetHints":{"allow":["GET"]}}],"collection":[{"href":"https:\/\/www.tollbelgium.com\/fr\/wp-json\/wp\/v2\/pages"}],"about":[{"href":"https:\/\/www.tollbelgium.com\/fr\/wp-json\/wp\/v2\/types\/page"}],"author":[{"embeddable":true,"href":"https:\/\/www.tollbelgium.com\/fr\/wp-json\/wp\/v2\/users\/1"}],"replies":[{"embeddable":true,"href":"https:\/\/www.tollbelgium.com\/fr\/wp-json\/wp\/v2\/comments?post=1729"}],"version-history":[{"count":0,"href":"https:\/\/www.tollbelgium.com\/fr\/wp-json\/wp\/v2\/pages\/1729\/revisions"}],"up":[{"embeddable":true,"href":"https:\/\/www.tollbelgium.com\/fr\/wp-json\/wp\/v2\/pages\/1690"}],"wp:featuredmedia":[{"embeddable":true,"href":"https:\/\/www.tollbelgium.com\/fr\/wp-json\/wp\/v2\/media\/2495"}],"wp:attachment":[{"href":"https:\/\/www.tollbelgium.com\/fr\/wp-json\/wp\/v2\/media?parent=1729"}],"curies":[{"name":"wp","href":"https:\/\/api.w.org\/{rel}","templated":true}]}}