{"id":1734,"date":"2020-06-03T03:40:32","date_gmt":"2020-06-03T01:40:32","guid":{"rendered":"https:\/\/www.tollbelgium.com\/serres\/serre-riga\/"},"modified":"2020-06-03T03:41:26","modified_gmt":"2020-06-03T01:41:26","slug":"serre-riga","status":"publish","type":"page","link":"https:\/\/www.tollbelgium.com\/fr\/serres\/serre-riga\/","title":{"rendered":"Serre Riga"},"content":{"rendered":"\t\t<div data-elementor-type=\"wp-page\" data-elementor-id=\"1734\" class=\"elementor elementor-1734 elementor-587\" data-elementor-settings=\"{&quot;element_pack_global_tooltip_width&quot;:{&quot;unit&quot;:&quot;px&quot;,&quot;size&quot;:&quot;&quot;,&quot;sizes&quot;:[]},&quot;element_pack_global_tooltip_width_tablet&quot;:{&quot;unit&quot;:&quot;px&quot;,&quot;size&quot;:&quot;&quot;,&quot;sizes&quot;:[]},&quot;element_pack_global_tooltip_width_mobile&quot;:{&quot;unit&quot;:&quot;px&quot;,&quot;size&quot;:&quot;&quot;,&quot;sizes&quot;:[]},&quot;element_pack_global_tooltip_padding&quot;:{&quot;unit&quot;:&quot;px&quot;,&quot;top&quot;:&quot;&quot;,&quot;right&quot;:&quot;&quot;,&quot;bottom&quot;:&quot;&quot;,&quot;left&quot;:&quot;&quot;,&quot;isLinked&quot;:true},&quot;element_pack_global_tooltip_padding_tablet&quot;:{&quot;unit&quot;:&quot;px&quot;,&quot;top&quot;:&quot;&quot;,&quot;right&quot;:&quot;&quot;,&quot;bottom&quot;:&quot;&quot;,&quot;left&quot;:&quot;&quot;,&quot;isLinked&quot;:true},&quot;element_pack_global_tooltip_padding_mobile&quot;:{&quot;unit&quot;:&quot;px&quot;,&quot;top&quot;:&quot;&quot;,&quot;right&quot;:&quot;&quot;,&quot;bottom&quot;:&quot;&quot;,&quot;left&quot;:&quot;&quot;,&quot;isLinked&quot;:true},&quot;element_pack_global_tooltip_border_radius&quot;:{&quot;unit&quot;:&quot;px&quot;,&quot;top&quot;:&quot;&quot;,&quot;right&quot;:&quot;&quot;,&quot;bottom&quot;:&quot;&quot;,&quot;left&quot;:&quot;&quot;,&quot;isLinked&quot;:true},&quot;element_pack_global_tooltip_border_radius_tablet&quot;:{&quot;unit&quot;:&quot;px&quot;,&quot;top&quot;:&quot;&quot;,&quot;right&quot;:&quot;&quot;,&quot;bottom&quot;:&quot;&quot;,&quot;left&quot;:&quot;&quot;,&quot;isLinked&quot;:true},&quot;element_pack_global_tooltip_border_radius_mobile&quot;:{&quot;unit&quot;:&quot;px&quot;,&quot;top&quot;:&quot;&quot;,&quot;right&quot;:&quot;&quot;,&quot;bottom&quot;:&quot;&quot;,&quot;left&quot;:&quot;&quot;,&quot;isLinked&quot;:true}}\" data-elementor-post-type=\"page\">\n\t\t\t\t\t\t<section class=\"elementor-section elementor-top-section elementor-element elementor-element-2c6928cf elementor-section-boxed elementor-section-height-default elementor-section-height-default\" data-id=\"2c6928cf\" data-element_type=\"section\" data-e-type=\"section\">\n\t\t\t\t\t\t<div class=\"elementor-container elementor-column-gap-default\">\n\t\t\t\t\t<div class=\"aux-parallax-section elementor-column elementor-col-100 elementor-top-column elementor-element elementor-element-6929e5f3\" data-id=\"6929e5f3\" data-element_type=\"column\" data-e-type=\"column\">\n\t\t\t<div class=\"elementor-widget-wrap elementor-element-populated\">\n\t\t\t\t\t\t<div class=\"elementor-element elementor-element-65183949 elementor-widget elementor-widget-aux_breadcrumbs\" data-id=\"65183949\" data-element_type=\"widget\" data-e-type=\"widget\" data-widget_type=\"aux_breadcrumbs.default\">\n\t\t\t\t\t<div class=\"aux-elementor-breadcrumbs\"><p class=\"aux-breadcrumbs\"><svg aria-hidden=\"true\" class=\"aux-breadcrumb-sep e-font-icon-svg e-fas-home\" viewBox=\"0 0 576 512\" xmlns=\"http:\/\/www.w3.org\/2000\/svg\"><path d=\"M280.37 148.26L96 300.11V464a16 16 0 0 0 16 16l112.06-.29a16 16 0 0 0 15.92-16V368a16 16 0 0 1 16-16h64a16 16 0 0 1 16 16v95.64a16 16 0 0 0 16 16.05L464 480a16 16 0 0 0 16-16V300L295.67 148.26a12.19 12.19 0 0 0-15.3 0zM571.6 251.47L488 182.56V44.05a12 12 0 0 0-12-12h-56a12 12 0 0 0-12 12v72.61L318.47 43a48 48 0 0 0-61 0L4.34 251.47a12 12 0 0 0-1.6 16.9l25.5 31A12 12 0 0 0 45.15 301l235.22-193.74a12.19 12.19 0 0 1 15.3 0L530.9 301a12 12 0 0 0 16.9-1.6l25.5-31a12 12 0 0 0-1.7-16.93z\"><\/path><\/svg><\/div>\t\t\t\t<\/div>\n\t\t\t\t\t<\/div>\n\t\t<\/div>\n\t\t\t\t\t<\/div>\n\t\t<\/section>\n\t\t\t\t<section class=\"elementor-section elementor-top-section elementor-element elementor-element-330f395b elementor-section-boxed elementor-section-height-default elementor-section-height-default\" data-id=\"330f395b\" data-element_type=\"section\" data-e-type=\"section\">\n\t\t\t\t\t\t<div class=\"elementor-container elementor-column-gap-default\">\n\t\t\t\t\t<div class=\"aux-parallax-section elementor-column elementor-col-50 elementor-top-column elementor-element elementor-element-2052eaa\" data-id=\"2052eaa\" data-element_type=\"column\" data-e-type=\"column\">\n\t\t\t<div class=\"elementor-widget-wrap elementor-element-populated\">\n\t\t\t\t\t\t<div class=\"aux-scroll-anim elementor-element elementor-element-b2ef688 aux-shpe-type-rectangle elementor-widget elementor-widget-aux_simple_shape\" data-move-in=\"rotateIn\" data-move-out=\"rotateIn\" data-axis-x=\"200\" data-axis-y=\"200\" data-rotate=\"10\" data-scale=\"1\" data-vp-top=\"0.5\" data-vp-bot=\"0.5\" data-el-top=\"0.2\" data-scroll-animation-off=\"1024\" data-id=\"b2ef688\" data-element_type=\"widget\" data-e-type=\"widget\" data-widget_type=\"aux_simple_shape.default\">\n\t\t\t\t<div class=\"elementor-widget-container\">\n\t\t\t\t\t    <div class=\"aux-widget-container aux-simple-shape-container\">\n        <div class=\"aux-widget-container-inner\">\n            <div class=\"aux-the-shape\"><\/div>\n        <\/div>\n    <\/div>\n    \t\t\t\t<\/div>\n\t\t\t\t<\/div>\n\t\t\t\t<div class=\"elementor-element elementor-element-50637848 elementor-widget elementor-widget-image\" data-id=\"50637848\" data-element_type=\"widget\" data-e-type=\"widget\" data-widget_type=\"image.default\">\n\t\t\t\t\t\t\t\t\t\t\t\t\t\t\t<img fetchpriority=\"high\" decoding=\"async\" width=\"300\" height=\"239\" src=\"https:\/\/www.tollbelgium.com\/wp-content\/uploads\/2020\/05\/riga-neu-300x239.jpg\" class=\"attachment-medium size-medium wp-image-813\" alt=\"\" \/>\t\t\t\t\t\t\t\t\t\t\t\t\t\t\t<\/div>\n\t\t\t\t<div class=\"elementor-element elementor-element-3fb2a6be elementor-widget elementor-widget-text-editor\" data-id=\"3fb2a6be\" data-element_type=\"widget\" data-e-type=\"widget\" data-widget_type=\"text-editor.default\">\n\t\t\t\t\t\t\t\t\t<h3>RIGA &#8211;\u00a0serre en forme d&rsquo;oignon<\/h3>\n<ul>\n<li>design int\u00e9rieur g\u00e9n\u00e9reux<\/li>\n<li>incidence optimale de la lumi\u00e8re<\/li>\n<li>ventilation optimale<\/li>\n<li>porte tournante divis\u00e9e<\/li>\n<\/ul>\n<h3>Mod\u00e8le Riga S, L et XL<\/h3>\n<p>Superficie au sol de 5 \u00e0 26 m\u00b2<\/p>\n<p><span style=\"text-decoration: underline;\">\u00e0 partir de 1.460 \u20ac<\/span><\/p>\n\t\t\t\t\t\t\t\t<\/div>\n\t\t\t\t\t<\/div>\n\t\t<\/div>\n\t\t\t\t<div class=\"aux-parallax-section elementor-column elementor-col-50 elementor-top-column elementor-element elementor-element-adf56f5\" data-id=\"adf56f5\" data-element_type=\"column\" data-e-type=\"column\">\n\t\t\t<div class=\"elementor-widget-wrap elementor-element-populated\">\n\t\t\t\t\t\t<div class=\"elementor-element elementor-element-2b87dc94 elementor-widget elementor-widget-text-editor\" data-id=\"2b87dc94\" data-element_type=\"widget\" data-e-type=\"widget\" data-widget_type=\"text-editor.default\">\n\t\t\t\t\t\t\t\t\t<h3>Description<\/h3>\n<p>La forme d&rsquo;ampoule de ces serres est particuli\u00e8rement frappante et g\u00e9niale, offrant un design int\u00e9rieur g\u00e9n\u00e9reux, avec beaucoup d&rsquo;espace pour les plantes et les jardiniers, avec une incidence optimale de la lumi\u00e8re. La forme de l&rsquo;oignon signifie qu&rsquo;il ne reste ni neige ni rien et que la serre est peu expos\u00e9e au vent.<\/p>\n<p>Une serre stable avec ouvre-fen\u00eatre automatique, porte pivotante large divis\u00e9e et fen\u00eatres de ventilation dans la paroi arri\u00e8re.<\/p>\n<p>Une serre recommand\u00e9e avec un tr\u00e8s bon rapport qualit\u00e9-prix.<\/p>\n<h3>Caract\u00e9ristiques g\u00e9n\u00e9rales<\/h3>\n<ul>\n<li>installation facile<\/li>\n<li>design int\u00e9rieur g\u00e9n\u00e9reux<\/li>\n<li>incidence optimale de la lumi\u00e8re (grille de vitrage d&rsquo;environ 1,00 m)<\/li>\n<li>syst\u00e8me de profil\u00e9 stable en aluminium naturel pour une grande stabilit\u00e9 (r\u00e9sistant aux temp\u00eates!)<\/li>\n<li>vitrage avec panneaux \u00e0 chambre creuse ISO en polycarbonate hautement incassable, ext\u00e9rieur \u00ab\u00a0Longlife\u00a0\u00bb prot\u00e9g\u00e9 contre les UV. 8\/10 mm d&rsquo;\u00e9paisseur pour S et L. 16 mm pour XL<\/li>\n<li>ventilation optimale<\/li>\n<li>fen\u00eatres de toit int\u00e9gr\u00e9es dans la partie sup\u00e9rieure de la cr\u00eate, y compris les l\u00e8ve-vitres automatiques pour une ventilation automatique<\/li>\n<li>fen\u00eatre arri\u00e8re (environ 1,24 m de haut x 0,76 m de large) avec support pour une ventilation suppl\u00e9mentaire<\/li>\n<li>porte tournante divis\u00e9e \u00e0 1 vantail (largeur brouette: environ 0,76 m) avec poign\u00e9e verrouillable<\/li>\n<li>charges de neige portables environ 150 kg \/ m\u00b2<\/li>\n<li>cadres de fondation et accessoires (bacs \u00e0 plantes, \u00e9tag\u00e8res, &#8230;) disponibles<\/li>\n<\/ul>\n\t\t\t\t\t\t\t\t<\/div>\n\t\t\t\t\t<\/div>\n\t\t<\/div>\n\t\t\t\t\t<\/div>\n\t\t<\/section>\n\t\t\t\t<section class=\"elementor-section elementor-top-section elementor-element elementor-element-7d9c1df4 elementor-section-boxed elementor-section-height-default elementor-section-height-default\" data-id=\"7d9c1df4\" data-element_type=\"section\" data-e-type=\"section\">\n\t\t\t\t\t\t<div class=\"elementor-container elementor-column-gap-default\">\n\t\t\t\t\t<div class=\"aux-parallax-section elementor-column elementor-col-50 elementor-top-column elementor-element elementor-element-495b90e2\" data-id=\"495b90e2\" data-element_type=\"column\" data-e-type=\"column\">\n\t\t\t<div class=\"elementor-widget-wrap elementor-element-populated\">\n\t\t\t\t\t\t<div class=\"elementor-element elementor-element-21dbb146 elementor-arrows-position-inside elementor-widget elementor-widget-image-carousel\" data-id=\"21dbb146\" data-element_type=\"widget\" data-e-type=\"widget\" data-settings=\"{&quot;autoplay&quot;:&quot;no&quot;,&quot;slides_to_show&quot;:&quot;2&quot;,&quot;slides_to_scroll&quot;:&quot;2&quot;,&quot;navigation&quot;:&quot;arrows&quot;,&quot;infinite&quot;:&quot;no&quot;,&quot;image_spacing_custom&quot;:{&quot;unit&quot;:&quot;px&quot;,&quot;size&quot;:0,&quot;sizes&quot;:[]},&quot;speed&quot;:500,&quot;image_spacing_custom_tablet&quot;:{&quot;unit&quot;:&quot;px&quot;,&quot;size&quot;:&quot;&quot;,&quot;sizes&quot;:[]},&quot;image_spacing_custom_mobile&quot;:{&quot;unit&quot;:&quot;px&quot;,&quot;size&quot;:&quot;&quot;,&quot;sizes&quot;:[]}}\" data-widget_type=\"image-carousel.default\">\n\t\t\t\t\t\t\t<div class=\"elementor-image-carousel-wrapper swiper\" role=\"region\" aria-roledescription=\"carousel\" aria-label=\"Carrousel d\u2019images\" dir=\"ltr\">\n\t\t\t<div class=\"elementor-image-carousel swiper-wrapper\" aria-live=\"polite\">\n\t\t\t\t\t\t\t\t<div class=\"swiper-slide\" role=\"group\" aria-roledescription=\"slide\" aria-label=\"1 sur 2\"><a data-elementor-open-lightbox=\"yes\" data-elementor-lightbox-slideshow=\"21dbb146\" data-elementor-lightbox-title=\"riga2\" data-e-action-hash=\"#elementor-action%3Aaction%3Dlightbox%26settings%3DeyJpZCI6NTgwLCJ1cmwiOiJodHRwczpcL1wvd3d3LnRvbGxiZWxnaXVtLmNvbVwvd3AtY29udGVudFwvdXBsb2Fkc1wvMjAyMFwvMDVcL3JpZ2EyLmpwZyIsInNsaWRlc2hvdyI6IjIxZGJiMTQ2In0%3D\" href=\"https:\/\/www.tollbelgium.com\/wp-content\/uploads\/2020\/05\/riga2.jpg\"><figure class=\"swiper-slide-inner\"><img decoding=\"async\" class=\"swiper-slide-image\" src=\"https:\/\/www.tollbelgium.com\/wp-content\/uploads\/2020\/05\/riga2-300x300.jpg\" alt=\"riga2\" \/><\/figure><\/a><\/div><div class=\"swiper-slide\" role=\"group\" aria-roledescription=\"slide\" aria-label=\"2 sur 2\"><a data-elementor-open-lightbox=\"yes\" data-elementor-lightbox-slideshow=\"21dbb146\" data-elementor-lightbox-title=\"riga1\" data-e-action-hash=\"#elementor-action%3Aaction%3Dlightbox%26settings%3DeyJpZCI6NTc3LCJ1cmwiOiJodHRwczpcL1wvd3d3LnRvbGxiZWxnaXVtLmNvbVwvd3AtY29udGVudFwvdXBsb2Fkc1wvMjAyMFwvMDVcL3JpZ2ExLmpwZyIsInNsaWRlc2hvdyI6IjIxZGJiMTQ2In0%3D\" href=\"https:\/\/www.tollbelgium.com\/wp-content\/uploads\/2020\/05\/riga1.jpg\"><figure class=\"swiper-slide-inner\"><img decoding=\"async\" class=\"swiper-slide-image\" src=\"https:\/\/www.tollbelgium.com\/wp-content\/uploads\/2020\/05\/riga1-300x300.jpg\" alt=\"riga1\" \/><\/figure><\/a><\/div>\t\t\t<\/div>\n\t\t\t\t\t\t\t\t\t\t\t\t<div class=\"elementor-swiper-button elementor-swiper-button-prev\" role=\"button\" tabindex=\"0\">\n\t\t\t\t\t\t<svg aria-hidden=\"true\" class=\"e-font-icon-svg e-eicon-chevron-left\" viewBox=\"0 0 1000 1000\" xmlns=\"http:\/\/www.w3.org\/2000\/svg\"><path d=\"M646 125C629 125 613 133 604 142L308 442C296 454 292 471 292 487 292 504 296 521 308 533L604 854C617 867 629 875 646 875 663 875 679 871 692 858 704 846 713 829 713 812 713 796 708 779 692 767L438 487 692 225C700 217 708 204 708 187 708 171 704 154 692 142 675 129 663 125 646 125Z\"><\/path><\/svg>\t\t\t\t\t<\/div>\n\t\t\t\t\t<div class=\"elementor-swiper-button elementor-swiper-button-next\" role=\"button\" tabindex=\"0\">\n\t\t\t\t\t\t<svg aria-hidden=\"true\" class=\"e-font-icon-svg e-eicon-chevron-right\" viewBox=\"0 0 1000 1000\" xmlns=\"http:\/\/www.w3.org\/2000\/svg\"><path d=\"M696 533C708 521 713 504 713 487 713 471 708 454 696 446L400 146C388 133 375 125 354 125 338 125 325 129 313 142 300 154 292 171 292 187 292 204 296 221 308 233L563 492 304 771C292 783 288 800 288 817 288 833 296 850 308 863 321 871 338 875 354 875 371 875 388 867 400 854L696 533Z\"><\/path><\/svg>\t\t\t\t\t<\/div>\n\t\t\t\t\n\t\t\t\t\t\t\t\t\t<\/div>\n\t\t\t\t\t\t<\/div>\n\t\t\t\t\t<\/div>\n\t\t<\/div>\n\t\t\t\t<div class=\"aux-parallax-section elementor-column elementor-col-50 elementor-top-column elementor-element elementor-element-c35f117\" data-id=\"c35f117\" data-element_type=\"column\" data-e-type=\"column\">\n\t\t\t<div class=\"elementor-widget-wrap\">\n\t\t\t\t\t\t\t<\/div>\n\t\t<\/div>\n\t\t\t\t\t<\/div>\n\t\t<\/section>\n\t\t\t\t<\/div>\n\t\t","protected":false},"excerpt":{"rendered":"<p>RIGA &#8211;\u00a0serre en forme d&rsquo;oignon design int\u00e9rieur g\u00e9n\u00e9reux incidence optimale de la lumi\u00e8re ventilation optimale porte tournante divis\u00e9e Mod\u00e8le Riga S, L et XL Superficie au sol de 5 \u00e0 26 m\u00b2 \u00e0 partir de 1.460 \u20ac Description La forme d&rsquo;ampoule de ces serres est particuli\u00e8rement frappante et g\u00e9niale, offrant un design int\u00e9rieur g\u00e9n\u00e9reux, avec [&hellip;]<\/p>\n","protected":false},"author":1,"featured_media":381,"parent":1690,"menu_order":0,"comment_status":"closed","ping_status":"closed","template":"","meta":{"_acf_changed":false,"footnotes":""},"class_list":["post-1734","page","type-page","status-publish","has-post-thumbnail","hentry"],"acf":[],"aioseo_notices":[],"_links":{"self":[{"href":"https:\/\/www.tollbelgium.com\/fr\/wp-json\/wp\/v2\/pages\/1734","targetHints":{"allow":["GET"]}}],"collection":[{"href":"https:\/\/www.tollbelgium.com\/fr\/wp-json\/wp\/v2\/pages"}],"about":[{"href":"https:\/\/www.tollbelgium.com\/fr\/wp-json\/wp\/v2\/types\/page"}],"author":[{"embeddable":true,"href":"https:\/\/www.tollbelgium.com\/fr\/wp-json\/wp\/v2\/users\/1"}],"replies":[{"embeddable":true,"href":"https:\/\/www.tollbelgium.com\/fr\/wp-json\/wp\/v2\/comments?post=1734"}],"version-history":[{"count":0,"href":"https:\/\/www.tollbelgium.com\/fr\/wp-json\/wp\/v2\/pages\/1734\/revisions"}],"up":[{"embeddable":true,"href":"https:\/\/www.tollbelgium.com\/fr\/wp-json\/wp\/v2\/pages\/1690"}],"wp:featuredmedia":[{"embeddable":true,"href":"https:\/\/www.tollbelgium.com\/fr\/wp-json\/wp\/v2\/media\/381"}],"wp:attachment":[{"href":"https:\/\/www.tollbelgium.com\/fr\/wp-json\/wp\/v2\/media?parent=1734"}],"curies":[{"name":"wp","href":"https:\/\/api.w.org\/{rel}","templated":true}]}}